{"id":76,"date":"2023-07-24T02:01:59","date_gmt":"2023-07-24T00:01:59","guid":{"rendered":"https:\/\/ayt2000.es\/?page_id=76"},"modified":"2023-08-25T00:17:35","modified_gmt":"2023-08-24T22:17:35","slug":"historia","status":"publish","type":"page","link":"https:\/\/ayt2000.es\/en\/historia\/","title":{"rendered":"Historia"},"content":{"rendered":"<p>[et_pb_section fb_built=\u00bb1&#8243; admin_label=\u00bbHeader\u00bb _builder_version=\u00bb4.20.0&#8243; _module_preset=\u00bbdefault\u00bb collapsed=\u00bbon\u00bb global_colors_info=\u00bb{}\u00bb][et_pb_row _builder_version=\u00bb4.20.0&#8243; _module_preset=\u00bbdefault\u00bb global_colors_info=\u00bb{}\u00bb][et_pb_column type=\u00bb4_4&#8243; _builder_version=\u00bb4.20.0&#8243; _module_preset=\u00bbdefault\u00bb global_colors_info=\u00bb{}\u00bb][et_pb_text _builder_version=\u00bb4.20.0&#8243; _module_preset=\u00bbbce0abb5-a1dd-4576-99e9-2e7a4d8800aa\u00bb global_colors_info=\u00bb{}\u00bb]<\/p>\n<h1>Nuestra Historia<\/h1>\n<p>[\/et_pb_text][et_pb_text _builder_version=\u00bb4.20.0&#8243; _module_preset=\u00bb587914fe-da4c-4597-83f8-d4cd0569e0dd\u00bb global_colors_info=\u00bb{}\u00bb]<\/p>\n<p><span>A lo largo de los a\u00f1os, hemos crecido y evolucionado, convirti\u00e9ndonos en pioneros al incorporar la venta de telefon\u00eda m\u00f3vil, fija e internet en Fuente Palmera.\u00a0 En 2006, dimos un paso m\u00e1s al constituirnos como Accesorios y Telefon\u00eda 2000 SL, y desde entonces, hemos trabajado incansablemente para brindar a nuestros clientes un servicio cercano y de confianza.<\/span><span><\/span><\/p>\n<p><span>En 2013 quer\u00edamos llevar nuestra visi\u00f3n un paso m\u00e1s all\u00e1 y garantizar que nuestros clientes pudieran disfrutar de internet y m\u00f3vil en cualquier rinc\u00f3n. Es por eso que nos asociamos con Blaveo, una empresa andaluza que comparte nuestra pasi\u00f3n por llevar sus servicios a cada punto del territorio nacional desde las zonas rurales como las grandes ciudades.<\/span><\/p>\n<p>[\/et_pb_text][\/et_pb_column][\/et_pb_row][\/et_pb_section][et_pb_section fb_built=\u00bb1&#8243; admin_label=\u00bbFeature\u00bb _builder_version=\u00bb4.20.0&#8243; _module_preset=\u00bbdefault\u00bb custom_padding=\u00bb0px||0px||true|false\u00bb locked=\u00bboff\u00bb collapsed=\u00bbon\u00bb global_colors_info=\u00bb{}\u00bb][et_pb_row column_structure=\u00bb1_2,1_2&#8243; use_custom_gutter=\u00bbon\u00bb gutter_width=\u00bb1&#8243; make_equal=\u00bbon\u00bb _builder_version=\u00bb4.21.0&#8243; _module_preset=\u00bbdefault\u00bb width=\u00bb100%\u00bb max_width=\u00bbnone\u00bb custom_padding=\u00bb0px||0px||true|false\u00bb global_colors_info=\u00bb{}\u00bb][et_pb_column type=\u00bb1_2&#8243; _builder_version=\u00bb4.21.0&#8243; _module_preset=\u00bbdefault\u00bb background_image=\u00bbhttps:\/\/ayt2000.es\/wp-content\/uploads\/2023\/07\/ciudad-inteligente-futurista-tecnologia-red-global-5g-scaled.jpg\u00bb custom_padding=\u00bb10vw|10vw|10vw|10vw|true|true\u00bb box_shadow_style=\u00bbpreset4&#8243; box_shadow_horizontal=\u00bb0px\u00bb box_shadow_vertical=\u00bb0px\u00bb box_shadow_spread=\u00bb6vw\u00bb box_shadow_color=\u00bb#FFFFFF\u00bb box_shadow_position=\u00bbinner\u00bb global_colors_info=\u00bb{}\u00bb][et_pb_image src=\u00bbhttps:\/\/ayt2000.es\/wp-content\/uploads\/2023\/07\/WhatsApp-Image-2023-01-30-at-12.09.18-2.jpeg\u00bb title_text=\u00bbWhatsApp Image 2023-01-30 at 12.09.18 (2)\u00bb align=\u00bbcenter\u00bb _builder_version=\u00bb4.21.0&#8243; _module_preset=\u00bbdefault\u00bb border_radii=\u00bbon|5px|5px|5px|5px\u00bb border_width_all=\u00bb10px\u00bb border_color_all=\u00bb#FFFFFF\u00bb global_colors_info=\u00bb{}\u00bb][\/et_pb_image][\/et_pb_column][et_pb_column type=\u00bb1_2&#8243; _builder_version=\u00bb4.20.0&#8243; _module_preset=\u00bbdefault\u00bb background_color=\u00bbgcid-86da69f8-ce43-4c42-8395-4abd58818e72&#8243; custom_padding=\u00bb16vw|8vw|16vw|8vw|true|true\u00bb global_colors_info=\u00bb{%22gcid-86da69f8-ce43-4c42-8395-4abd58818e72%22:%91%22background_color%22%93}\u00bb][et_pb_text _builder_version=\u00bb4.20.0&#8243; _module_preset=\u00bbb36d7830-a3b1-4ffb-95b2-0217b3105845&#8243; custom_margin=\u00bb||30px||false|false\u00bb global_colors_info=\u00bb{}\u00bb]<\/p>\n<h2>Punto de partida<\/h2>\n<p>[\/et_pb_text][et_pb_text _builder_version=\u00bb4.20.0&#8243; _module_preset=\u00bb587914fe-da4c-4597-83f8-d4cd0569e0dd\u00bb global_colors_info=\u00bb{}\u00bb]<\/p>\n<p><span>Accesorios y Telefon\u00eda 2000sl, una empresa con una larga historia en el mundo de la tecnolog\u00eda y las comunicaciones. Todo comenz\u00f3 en junio de 1986, cuando abrimos nuestras puertas como Video-Club Irene Bazar Beatriz. Desde entonces, nos hemos adaptado a los tiempos y evolucionado para ofrecer a nuestros clientes los servicios m\u00e1s vanguardistas del mercado.<\/span><\/p>\n<p>[\/et_pb_text][\/et_pb_column][\/et_pb_row][\/et_pb_section][et_pb_section fb_built=\u00bb1&#8243; admin_label=\u00bbStats\u00bb _builder_version=\u00bb4.21.0&#8243; _module_preset=\u00bbdefault\u00bb use_background_color_gradient=\u00bbon\u00bb background_color_gradient_stops=\u00bbrgba(34,34,34,0.3) 0%|gcid-1f9b0bb3-481a-49f1-9fe6-999fc3c3182b 100%\u00bb background_color_gradient_overlays_image=\u00bbon\u00bb background_image=\u00bbhttps:\/\/ayt2000.es\/wp-content\/uploads\/2023\/07\/ingeniero-campo-femenino-examinando-plantacion-agricola-integracion-agronomo-mujeres-campo-scaled.jpg\u00bb custom_padding=\u00bb6vw||||false|false\u00bb saved_tabs=\u00bball\u00bb locked=\u00bboff\u00bb collapsed=\u00bbon\u00bb global_colors_info=\u00bb{%22gcid-1f9b0bb3-481a-49f1-9fe6-999fc3c3182b%22:%91%22background_color_gradient_stops%22%93}\u00bb][et_pb_row column_structure=\u00bb1_2,1_2&#8243; _builder_version=\u00bb4.21.0&#8243; _module_preset=\u00bbdefault\u00bb locked=\u00bboff\u00bb global_colors_info=\u00bb{}\u00bb][et_pb_column type=\u00bb1_2&#8243; _builder_version=\u00bb4.21.0&#8243; _module_preset=\u00bbdefault\u00bb global_colors_info=\u00bb{}\u00bb][et_pb_image src=\u00bbhttps:\/\/ayt2000.es\/wp-content\/uploads\/2023\/07\/logo-blanco-line.png\u00bb title_text=\u00bblogo-blanco-line\u00bb _builder_version=\u00bb4.21.0&#8243; _module_preset=\u00bbdefault\u00bb width=\u00bb88%\u00bb global_colors_info=\u00bb{}\u00bb][\/et_pb_image][\/et_pb_column][et_pb_column type=\u00bb1_2&#8243; _builder_version=\u00bb4.20.0&#8243; _module_preset=\u00bbdefault\u00bb global_colors_info=\u00bb{}\u00bb][et_pb_text _builder_version=\u00bb4.21.0&#8243; _module_preset=\u00bbf195ee39-7b3b-4515-b576-94763bc9b2a5&#8243; header_text_color=\u00bb#FFFFFF\u00bb custom_margin=\u00bb||10px||false|false\u00bb locked=\u00bboff\u00bb global_colors_info=\u00bb{}\u00bb]<\/p>\n<h1><span>Soluciones tecnol\u00f3gicas para tu d\u00eda a d\u00eda<\/span><\/h1>\n<p>[\/et_pb_text][\/et_pb_column][\/et_pb_row][\/et_pb_section]<\/p>","protected":false},"excerpt":{"rendered":"<p>Nuestra HistoriaA lo largo de los a\u00f1os, hemos crecido y evolucionado, convirti\u00e9ndonos en pioneros al incorporar la venta de telefon\u00eda m\u00f3vil, fija e internet en Fuente Palmera.\u00a0 En 2006, dimos un paso m\u00e1s al constituirnos como Accesorios y Telefon\u00eda 2000 SL, y desde entonces, hemos trabajado incansablemente para brindar a nuestros clientes un servicio cercano [&hellip;]<\/p>","protected":false},"author":1,"featured_media":0,"parent":0,"menu_order":0,"comment_status":"closed","ping_status":"closed","template":"","meta":{"_et_pb_use_builder":"on","_et_pb_old_content":"","_et_gb_content_width":"","om_disable_all_campaigns":false,"footnotes":""},"class_list":["post-76","page","type-page","status-publish","hentry"],"yoast_head":"<!-- This site is optimized with the Yoast SEO plugin v21.1 - https:\/\/yoast.com\/wordpress\/plugins\/seo\/ -->\n<title>Historia - Accesorios y telefon\u00eda 2000<\/title>\n<meta name=\"robots\" content=\"index, follow, max-snippet:-1, max-image-preview:large, max-video-preview:-1\" \/>\n<link rel=\"canonical\" href=\"https:\/\/ayt2000.es\/en\/historia\/\" \/>\n<meta property=\"og:locale\" content=\"en_GB\" \/>\n<meta property=\"og:type\" content=\"article\" \/>\n<meta property=\"og:title\" content=\"Historia - Accesorios y telefon\u00eda 2000\" \/>\n<meta property=\"og:description\" content=\"Nuestra HistoriaA lo largo de los a\u00f1os, hemos crecido y evolucionado, convirti\u00e9ndonos en pioneros al incorporar la venta de telefon\u00eda m\u00f3vil, fija e internet en Fuente Palmera.\u00a0 En 2006, dimos un paso m\u00e1s al constituirnos como Accesorios y Telefon\u00eda 2000 SL, y desde entonces, hemos trabajado incansablemente para brindar a nuestros clientes un servicio cercano [&hellip;]\" \/>\n<meta property=\"og:url\" content=\"https:\/\/ayt2000.es\/en\/historia\/\" \/>\n<meta property=\"og:site_name\" content=\"Accesorios y telefon\u00eda 2000\" \/>\n<meta property=\"article:modified_time\" content=\"2023-08-24T22:17:35+00:00\" \/>\n<meta name=\"twitter:card\" content=\"summary_large_image\" \/>\n<meta name=\"twitter:label1\" content=\"Estimated reading time\" \/>\n\t<meta name=\"twitter:data1\" content=\"4 minutes\" \/>\n<script type=\"application\/ld+json\" class=\"yoast-schema-graph\">{\"@context\":\"https:\/\/schema.org\",\"@graph\":[{\"@type\":\"WebPage\",\"@id\":\"https:\/\/ayt2000.es\/historia\/\",\"url\":\"https:\/\/ayt2000.es\/historia\/\",\"name\":\"Historia - Accesorios y telefon\u00eda 2000\",\"isPartOf\":{\"@id\":\"https:\/\/ayt2000.es\/#website\"},\"datePublished\":\"2023-07-24T00:01:59+00:00\",\"dateModified\":\"2023-08-24T22:17:35+00:00\",\"breadcrumb\":{\"@id\":\"https:\/\/ayt2000.es\/historia\/#breadcrumb\"},\"inLanguage\":\"en-GB\",\"potentialAction\":[{\"@type\":\"ReadAction\",\"target\":[\"https:\/\/ayt2000.es\/historia\/\"]}]},{\"@type\":\"BreadcrumbList\",\"@id\":\"https:\/\/ayt2000.es\/historia\/#breadcrumb\",\"itemListElement\":[{\"@type\":\"ListItem\",\"position\":1,\"name\":\"Portada\",\"item\":\"https:\/\/ayt2000.es\/\"},{\"@type\":\"ListItem\",\"position\":2,\"name\":\"Historia\"}]},{\"@type\":\"WebSite\",\"@id\":\"https:\/\/ayt2000.es\/#website\",\"url\":\"https:\/\/ayt2000.es\/\",\"name\":\"Accesorios y telefon\u00eda 2000\",\"description\":\"M\u00e1s que telefon\u00eda, una experiencia de servicio\",\"potentialAction\":[{\"@type\":\"SearchAction\",\"target\":{\"@type\":\"EntryPoint\",\"urlTemplate\":\"https:\/\/ayt2000.es\/?s={search_term_string}\"},\"query-input\":\"required name=search_term_string\"}],\"inLanguage\":\"en-GB\"}]}<\/script>\n<!-- \/ Yoast SEO plugin. -->","yoast_head_json":{"title":"Historia - Accesorios y telefon\u00eda 2000","robots":{"index":"index","follow":"follow","max-snippet":"max-snippet:-1","max-image-preview":"max-image-preview:large","max-video-preview":"max-video-preview:-1"},"canonical":"https:\/\/ayt2000.es\/en\/historia\/","og_locale":"en_GB","og_type":"article","og_title":"Historia - Accesorios y telefon\u00eda 2000","og_description":"Nuestra HistoriaA lo largo de los a\u00f1os, hemos crecido y evolucionado, convirti\u00e9ndonos en pioneros al incorporar la venta de telefon\u00eda m\u00f3vil, fija e internet en Fuente Palmera.\u00a0 En 2006, dimos un paso m\u00e1s al constituirnos como Accesorios y Telefon\u00eda 2000 SL, y desde entonces, hemos trabajado incansablemente para brindar a nuestros clientes un servicio cercano [&hellip;]","og_url":"https:\/\/ayt2000.es\/en\/historia\/","og_site_name":"Accesorios y telefon\u00eda 2000","article_modified_time":"2023-08-24T22:17:35+00:00","twitter_card":"summary_large_image","twitter_misc":{"Estimated reading time":"4 minutes"},"schema":{"@context":"https:\/\/schema.org","@graph":[{"@type":"WebPage","@id":"https:\/\/ayt2000.es\/historia\/","url":"https:\/\/ayt2000.es\/historia\/","name":"Historia - Accesorios y telefon\u00eda 2000","isPartOf":{"@id":"https:\/\/ayt2000.es\/#website"},"datePublished":"2023-07-24T00:01:59+00:00","dateModified":"2023-08-24T22:17:35+00:00","breadcrumb":{"@id":"https:\/\/ayt2000.es\/historia\/#breadcrumb"},"inLanguage":"en-GB","potentialAction":[{"@type":"ReadAction","target":["https:\/\/ayt2000.es\/historia\/"]}]},{"@type":"BreadcrumbList","@id":"https:\/\/ayt2000.es\/historia\/#breadcrumb","itemListElement":[{"@type":"ListItem","position":1,"name":"Portada","item":"https:\/\/ayt2000.es\/"},{"@type":"ListItem","position":2,"name":"Historia"}]},{"@type":"WebSite","@id":"https:\/\/ayt2000.es\/#website","url":"https:\/\/ayt2000.es\/","name":"Accesorios y telefon\u00eda 2000","description":"M\u00e1s que telefon\u00eda, una experiencia de servicio","potentialAction":[{"@type":"SearchAction","target":{"@type":"EntryPoint","urlTemplate":"https:\/\/ayt2000.es\/?s={search_term_string}"},"query-input":"required name=search_term_string"}],"inLanguage":"en-GB"}]}},"_links":{"self":[{"href":"https:\/\/ayt2000.es\/en\/wp-json\/wp\/v2\/pages\/76","targetHints":{"allow":["GET"]}}],"collection":[{"href":"https:\/\/ayt2000.es\/en\/wp-json\/wp\/v2\/pages"}],"about":[{"href":"https:\/\/ayt2000.es\/en\/wp-json\/wp\/v2\/types\/page"}],"author":[{"embeddable":true,"href":"https:\/\/ayt2000.es\/en\/wp-json\/wp\/v2\/users\/1"}],"replies":[{"embeddable":true,"href":"https:\/\/ayt2000.es\/en\/wp-json\/wp\/v2\/comments?post=76"}],"version-history":[{"count":4,"href":"https:\/\/ayt2000.es\/en\/wp-json\/wp\/v2\/pages\/76\/revisions"}],"predecessor-version":[{"id":260,"href":"https:\/\/ayt2000.es\/en\/wp-json\/wp\/v2\/pages\/76\/revisions\/260"}],"wp:attachment":[{"href":"https:\/\/ayt2000.es\/en\/wp-json\/wp\/v2\/media?parent=76"}],"curies":[{"name":"wp","href":"https:\/\/api.w.org\/{rel}","templated":true}]}}