{"id":107,"date":"2023-07-24T02:47:00","date_gmt":"2023-07-24T00:47:00","guid":{"rendered":"https:\/\/ayt2000.es\/?page_id=107"},"modified":"2024-04-04T10:02:22","modified_gmt":"2024-04-04T08:02:22","slug":"productos","status":"publish","type":"page","link":"https:\/\/ayt2000.es\/en\/productos\/","title":{"rendered":"Productos"},"content":{"rendered":"<p>[et_pb_section fb_built=\u00bb1&#8243; admin_label=\u00bbEvents\u00bb _builder_version=\u00bb4.20.0&#8243; _module_preset=\u00bbdefault\u00bb background_color=\u00bbgcid-86da69f8-ce43-4c42-8395-4abd58818e72&#8243; saved_tabs=\u00bball\u00bb locked=\u00bboff\u00bb collapsed=\u00bbon\u00bb global_colors_info=\u00bb{%22gcid-86da69f8-ce43-4c42-8395-4abd58818e72%22:%91%22background_color%22%93}\u00bb][et_pb_row column_structure=\u00bb1_2,1_2&#8243; _builder_version=\u00bb4.20.0&#8243; _module_preset=\u00bbdefault\u00bb global_colors_info=\u00bb{}\u00bb][et_pb_column type=\u00bb1_2&#8243; _builder_version=\u00bb4.20.0&#8243; _module_preset=\u00bbdefault\u00bb global_colors_info=\u00bb{}\u00bb][et_pb_text _builder_version=\u00bb4.21.0&#8243; _module_preset=\u00bbee1037ab-b979-4f93-b600-2f5359e539a4&#8243; global_colors_info=\u00bb{}\u00bb]<\/p>\n<h2>Productos<\/h2>\n<p>Explora nuestro cat\u00e1logo y descubre una variedad de dispositivos electr\u00f3nicos, accesorios y servicios para satisfacer todas tus necesidades. Desde la reparaci\u00f3n de m\u00f3viles y tablets hasta sistemas de videovigilancia avanzados, pasando por las \u00faltimas soluciones en internet y m\u00f3vil, estamos aqu\u00ed para brindarte la mejor experiencia tecnol\u00f3gica.<\/p>\n<p>[\/et_pb_text][\/et_pb_column][et_pb_column type=\u00bb1_2&#8243; _builder_version=\u00bb4.20.0&#8243; _module_preset=\u00bbdefault\u00bb global_colors_info=\u00bb{}\u00bb][et_pb_button button_url=\u00bbhttps:\/\/ayt2000.es\/productos\/\u00bb button_text=\u00bbVer todo el cat\u00e1logo\u00bb button_alignment=\u00bbright\u00bb button_alignment_tablet=\u00bbleft\u00bb button_alignment_phone=\u00bb\u00bb button_alignment_last_edited=\u00bbon|tablet\u00bb _builder_version=\u00bb4.21.0&#8243; _module_preset=\u00bb67911f5f-4edc-4cba-883f-070c5e45f9ba\u00bb button_bg_color=\u00bbgcid-922f8e05-0af6-48a7-8ba4-9a77f0c7dbee\u00bb global_colors_info=\u00bb{}\u00bb][\/et_pb_button][\/et_pb_column][\/et_pb_row][et_pb_row column_structure=\u00bb1_3,1_3,1_3&#8243; _builder_version=\u00bb4.21.0&#8243; _module_preset=\u00bbdefault\u00bb link_option_url=\u00bbhttps:\/\/ayt2000.es\/productos\/\u00bb global_colors_info=\u00bb{}\u00bb][et_pb_column type=\u00bb1_3&#8243; _builder_version=\u00bb4.21.0&#8243; _module_preset=\u00bbdefault\u00bb use_background_color_gradient=\u00bbon\u00bb background_color_gradient_stops=\u00bbrgba(0,0,0,0.24) 0%|gcid-1f9b0bb3-481a-49f1-9fe6-999fc3c3182b 100%\u00bb background_color_gradient_overlays_image=\u00bbon\u00bb background_image=\u00bbhttps:\/\/ayt2000.es\/wp-content\/uploads\/2023\/07\/CASIO-MTP-1290D-1A2VEF-5058.jpeg\u00bb custom_padding=\u00bb30px|30px|30px|30px|true|true\u00bb custom_padding_tablet=\u00bb30px|30px|30px|30px|true|true\u00bb custom_padding_phone=\u00bb20px|20px|20px|20px|true|true\u00bb custom_padding_last_edited=\u00bbon|phone\u00bb link_option_url=\u00bbhttps:\/\/ayt2000.es\/productos\/#relojeria\u00bb border_radii=\u00bbon|5px|5px|5px|5px\u00bb box_shadow_style=\u00bbpreset6&#8243; box_shadow_blur=\u00bb0px\u00bb global_colors_info=\u00bb{%22gcid-1f9b0bb3-481a-49f1-9fe6-999fc3c3182b%22:%91%22background_color_gradient_stops%22,%22background_color_gradient_stops%22,%22background_color_gradient_stops%22,%22background_color_gradient_stops%22,%22background_color_gradient_stops%22%93}\u00bb background__hover_enabled=\u00bboff|desktop\u00bb use_background_color_gradient__hover=\u00bbon\u00bb background_color_gradient_stops__hover=\u00bbrgba(0,0,0,0.6) 0%|rgba(0,0,0,0.6) 100%\u00bb box_shadow_blur__hover=\u00bb80px\u00bb box_shadow_blur__hover_enabled=\u00bbon|hover\u00bb][et_pb_text _builder_version=\u00bb4.20.0&#8243; _module_preset=\u00bb39c1b158-b75d-4a89-982f-7880e2b025bf\u00bb header_3_text_color=\u00bb#FFFFFF\u00bb custom_margin=\u00bb||8vw||false|false\u00bb global_colors_info=\u00bb{}\u00bb]<\/p>\n<h3>Relojer\u00eda<\/h3>\n<p>[\/et_pb_text][\/et_pb_column][et_pb_column type=\u00bb1_3&#8243; _builder_version=\u00bb4.21.0&#8243; _module_preset=\u00bbdefault\u00bb use_background_color_gradient=\u00bbon\u00bb background_color_gradient_stops=\u00bbrgba(0,0,0,0.24) 0%|gcid-1f9b0bb3-481a-49f1-9fe6-999fc3c3182b 100%\u00bb background_color_gradient_overlays_image=\u00bbon\u00bb background_image=\u00bbhttps:\/\/ayt2000.es\/wp-content\/uploads\/2023\/07\/instalacion-cctv-jovenes-tecnicos-asiaticos-instalacion-como-concepto-camara-ip-wifi-camara-ip-inalambrica-scaled.jpg\u00bb custom_padding=\u00bb30px|30px|30px|30px|true|true\u00bb custom_padding_tablet=\u00bb30px|30px|30px|30px|true|true\u00bb custom_padding_phone=\u00bb20px|20px|20px|20px|true|true\u00bb custom_padding_last_edited=\u00bbon|phone\u00bb link_option_url=\u00bbhttps:\/\/ayt2000.es\/productos\/#camaras\u00bb border_radii=\u00bbon|5px|5px|5px|5px\u00bb box_shadow_style=\u00bbpreset6&#8243; box_shadow_blur=\u00bb0px\u00bb global_colors_info=\u00bb{%22gcid-1f9b0bb3-481a-49f1-9fe6-999fc3c3182b%22:%91%22background_color_gradient_stops%22,%22background_color_gradient_stops%22,%22background_color_gradient_stops%22,%22background_color_gradient_stops%22%93}\u00bb background__hover_enabled=\u00bboff|desktop\u00bb use_background_color_gradient__hover=\u00bbon\u00bb background_color_gradient_stops__hover=\u00bbrgba(0,0,0,0.6) 0%|rgba(0,0,0,0.6) 100%\u00bb box_shadow_blur__hover=\u00bb80px\u00bb box_shadow_blur__hover_enabled=\u00bbon|hover\u00bb][et_pb_text _builder_version=\u00bb4.21.0&#8243; _module_preset=\u00bb39c1b158-b75d-4a89-982f-7880e2b025bf\u00bb header_3_text_color=\u00bb#FFFFFF\u00bb custom_margin=\u00bb||8vw||false|false\u00bb global_colors_info=\u00bb{}\u00bb]<\/p>\n<h3>C\u00e1maras<\/h3>\n<p>[\/et_pb_text][\/et_pb_column][et_pb_column type=\u00bb1_3&#8243; _builder_version=\u00bb4.21.0&#8243; _module_preset=\u00bbdefault\u00bb use_background_color_gradient=\u00bbon\u00bb background_color_gradient_stops=\u00bbrgba(0,0,0,0.24) 0%|gcid-1f9b0bb3-481a-49f1-9fe6-999fc3c3182b 100%\u00bb background_color_gradient_overlays_image=\u00bbon\u00bb background_image=\u00bbhttps:\/\/ayt2000.es\/wp-content\/uploads\/2023\/07\/vista-superior-conjunto-gadgets-luz-neon-purpura-fondo-azul-smartphone-smartwatch-auriculares-inalambricos-mesa-madera-copyspace-su-publicidad-tecnologia-moderna-gadgets-scaled.jpg\u00bb custom_padding=\u00bb30px|30px|30px|30px|true|true\u00bb custom_padding_tablet=\u00bb30px|30px|30px|30px|true|true\u00bb custom_padding_phone=\u00bb20px|20px|20px|20px|true|true\u00bb custom_padding_last_edited=\u00bbon|phone\u00bb link_option_url=\u00bbhttps:\/\/ayt2000.es\/productos\/#accesorios\u00bb border_radii=\u00bbon|5px|5px|5px|5px\u00bb box_shadow_style=\u00bbpreset6&#8243; box_shadow_blur=\u00bb0px\u00bb global_colors_info=\u00bb{%22gcid-1f9b0bb3-481a-49f1-9fe6-999fc3c3182b%22:%91%22background_color_gradient_stops%22,%22background_color_gradient_stops%22,%22background_color_gradient_stops%22,%22background_color_gradient_stops%22%93}\u00bb background__hover_enabled=\u00bboff|desktop\u00bb use_background_color_gradient__hover=\u00bbon\u00bb background_color_gradient_stops__hover=\u00bbrgba(0,0,0,0.6) 0%|rgba(0,0,0,0.6) 100%\u00bb box_shadow_blur__hover_enabled=\u00bbon|hover\u00bb box_shadow_blur__hover=\u00bb80px\u00bb][et_pb_text _builder_version=\u00bb4.20.0&#8243; _module_preset=\u00bb39c1b158-b75d-4a89-982f-7880e2b025bf\u00bb header_3_text_color=\u00bb#FFFFFF\u00bb custom_margin=\u00bb||8vw||false|false\u00bb global_colors_info=\u00bb{}\u00bb]<\/p>\n<h3>Accesorios<\/h3>\n<p>[\/et_pb_text][\/et_pb_column][\/et_pb_row][\/et_pb_section][et_pb_section fb_built=\u00bb1&#8243; admin_label=\u00bbHeader\u00bb module_id=\u00bbrelojeria\u00bb _builder_version=\u00bb4.21.0&#8243; _module_preset=\u00bbdefault\u00bb custom_padding=\u00bb0px||6px|||\u00bb collapsed=\u00bbon\u00bb global_colors_info=\u00bb{}\u00bb][et_pb_row _builder_version=\u00bb4.20.0&#8243; _module_preset=\u00bbdefault\u00bb global_colors_info=\u00bb{}\u00bb][et_pb_column type=\u00bb4_4&#8243; _builder_version=\u00bb4.20.0&#8243; _module_preset=\u00bbdefault\u00bb global_colors_info=\u00bb{}\u00bb][et_pb_text _builder_version=\u00bb4.20.0&#8243; _module_preset=\u00bb08cfd100-105e-487f-872a-b474bf62242e\u00bb global_colors_info=\u00bb{}\u00bb]<\/p>\n<h1>relojer\u00eda<\/h1>\n<p>[\/et_pb_text][et_pb_gallery gallery_ids=\u00bb184,183,182,181,180,179,178,177,176,173,172,171,170,169,168,167,166,165,164,163,162,156,157,158,159,160,161,149,148,141,142,143,144,145,146,147,140,139,137,138,136,135,134,127,128,129,130,131,132,133,126,125,124,123,122,121,120,117,118,119&#8243; show_title_and_caption=\u00bboff\u00bb zoom_icon_color=\u00bbgcid-922f8e05-0af6-48a7-8ba4-9a77f0c7dbee\u00bb hover_icon=\u00bb&#xf00e;||fa||900&#8243; _builder_version=\u00bb4.21.0&#8243; _module_preset=\u00bbdefault\u00bb pagination_font=\u00bbInter||||||||\u00bb pagination_text_color=\u00bbgcid-922f8e05-0af6-48a7-8ba4-9a77f0c7dbee\u00bb pagination_font_size=\u00bb13px\u00bb custom_margin=\u00bb||-2px|||\u00bb border_width_all_image=\u00bb3px\u00bb border_color_all_image=\u00bbgcid-922f8e05-0af6-48a7-8ba4-9a77f0c7dbee\u00bb global_colors_info=\u00bb{%22gcid-922f8e05-0af6-48a7-8ba4-9a77f0c7dbee%22:%91%22border_color_all_image%22,%22zoom_icon_color%22,%22pagination_text_color%22%93}\u00bb][\/et_pb_gallery][et_pb_text _builder_version=\u00bb4.21.0&#8243; _module_preset=\u00bb8a34d6b5-5e3c-4f11-a092-3828ea7fc260&#8243; global_colors_info=\u00bb{}\u00bb]<\/p>\n<p>En Accesorios y Telefon\u00eda 2000sl, apreciamos la importancia de un buen reloj. Por eso, en nuestra secci\u00f3n de Relojer\u00eda, te ofrecemos un servicio especializado y meticuloso para cuidar de tus relojes anal\u00f3gicos y digitales.<\/p>\n<p>Nuestro equipo de expertos relojeros cuenta con una amplia experiencia en la reparaci\u00f3n y mantenimiento de todo tipo de relojes. Ya sea un reloj heredado con valor sentimental o un reloj moderno que te acompa\u00f1a en tu d\u00eda a d\u00eda, lo tratamos con el m\u00e1ximo cuidado y dedicaci\u00f3n.<\/p>\n<p>&nbsp;<\/p>\n<p>Nuestros servicios de Relojer\u00eda incluyen:<\/p>\n<p><strong>Reparaciones Profesionales:<\/strong> Si tu reloj necesita reparaci\u00f3n, est\u00e1s en buenas manos. Realizamos diagn\u00f3sticos precisos y solventamos cualquier problema, ya sea el cambio de pila, ajustes en el mecanismo o la sustituci\u00f3n de componentes da\u00f1ados.<\/p>\n<p><strong>Mantenimiento Preventivo:<\/strong> Sabemos lo importante que es mantener un reloj en perfecto estado. Ofrecemos servicios de mantenimiento preventivo para asegurarnos de que tu reloj funcione de manera \u00f3ptima y prolongar su vida \u00fatil.<\/p>\n<p><strong>Restauraci\u00f3n y Renovaci\u00f3n:<\/strong> Si tienes un reloj antiguo o deteriorado que deseas recuperar, nuestros expertos pueden restaurarlo cuidadosamente, devolvi\u00e9ndole su esplendor original.<\/p>\n<p><strong>Ajuste y Personalizaci\u00f3n:<\/strong> Si tienes problemas con la correa o el tama\u00f1o del reloj, realizamos ajustes y personalizaciones para que se adapte perfectamente a tu mu\u00f1eca.<\/p>\n<p>En Accesorios y Telefon\u00eda 2000sl, nos enorgullecemos de nuestro compromiso con la calidad y la atenci\u00f3n al detalle en cada servicio de Relojer\u00eda que ofrecemos. Cada reloj que entra en nuestras manos recibe el trato m\u00e1s cuidadoso y profesional posible.<\/p>\n<p>Conf\u00eda en nosotros para cuidar de tus relojes y mantenerlos en perfecto funcionamiento. \u00a1Visita nuestra secci\u00f3n de Relojer\u00eda y redescubre la belleza y precisi\u00f3n de tus relojes favoritos!<\/p>\n<p>[\/et_pb_text][\/et_pb_column][\/et_pb_row][\/et_pb_section][et_pb_section fb_built=\u00bb1&#8243; admin_label=\u00bbHeader\u00bb module_id=\u00bbcamaras\u00bb _builder_version=\u00bb4.21.0&#8243; _module_preset=\u00bbdefault\u00bb collapsed=\u00bbon\u00bb global_colors_info=\u00bb{}\u00bb][et_pb_row _builder_version=\u00bb4.20.0&#8243; _module_preset=\u00bbdefault\u00bb custom_padding=\u00bb||81px|||\u00bb global_colors_info=\u00bb{}\u00bb][et_pb_column type=\u00bb4_4&#8243; _builder_version=\u00bb4.20.0&#8243; _module_preset=\u00bbdefault\u00bb global_colors_info=\u00bb{}\u00bb][et_pb_text _builder_version=\u00bb4.20.0&#8243; _module_preset=\u00bb08cfd100-105e-487f-872a-b474bf62242e\u00bb global_colors_info=\u00bb{}\u00bb]<\/p>\n<h1>c\u00e1maras<\/h1>\n<p>[\/et_pb_text][et_pb_gallery gallery_ids=\u00bb212,175&#8243; show_title_and_caption=\u00bboff\u00bb zoom_icon_color=\u00bbgcid-922f8e05-0af6-48a7-8ba4-9a77f0c7dbee\u00bb hover_icon=\u00bb&#xf00e;||fa||900&#8243; _builder_version=\u00bb4.21.0&#8243; _module_preset=\u00bbdefault\u00bb pagination_font=\u00bbInter||||||||\u00bb pagination_text_color=\u00bbgcid-922f8e05-0af6-48a7-8ba4-9a77f0c7dbee\u00bb pagination_font_size=\u00bb13px\u00bb custom_margin=\u00bb||0px|||\u00bb border_width_all_image=\u00bb3px\u00bb border_color_all_image=\u00bbgcid-922f8e05-0af6-48a7-8ba4-9a77f0c7dbee\u00bb global_colors_info=\u00bb{%22gcid-922f8e05-0af6-48a7-8ba4-9a77f0c7dbee%22:%91%22border_color_all_image%22,%22zoom_icon_color%22,%22pagination_text_color%22%93}\u00bb][\/et_pb_gallery][et_pb_text _builder_version=\u00bb4.21.0&#8243; _module_preset=\u00bb8a34d6b5-5e3c-4f11-a092-3828ea7fc260&#8243; global_colors_info=\u00bb{}\u00bb]<\/p>\n<p>En Accesorios y Telefon\u00eda 2000sl, entendemos que la seguridad de tu hogar o negocio es primordial. Es por eso que te ofrecemos soluciones avanzadas de videovigilancia para brindarte tranquilidad y protecci\u00f3n las 24 horas del d\u00eda, los 7 d\u00edas de la semana.<\/p>\n<p>Nuestra secci\u00f3n de C\u00e1maras de Seguridad presenta una amplia gama de opciones que se adaptan a tus necesidades espec\u00edficas. Ya sea que necesites supervisar tu hogar, oficina, comercio o cualquier otro espacio, nuestras c\u00e1maras de alta calidad te ofrecen un control total y acceso remoto para que est\u00e9s siempre al tanto de lo que ocurre, sin importar d\u00f3nde te encuentres.<\/p>\n<p>Nuestros servicios de C\u00e1maras de Seguridad incluyen:<\/p>\n<p><strong>Asesoramiento Personalizado:<\/strong> Nuestro equipo de expertos analizar\u00e1 tus necesidades de seguridad y te ofrecer\u00e1 una soluci\u00f3n personalizada que se ajuste a tus requerimientos y presupuesto. Desde la selecci\u00f3n de c\u00e1maras hasta la instalaci\u00f3n, estaremos contigo en cada paso del proceso.<\/p>\n<p><strong>Amplia Gama de C\u00e1maras:<\/strong> Contamos con una amplia variedad de c\u00e1maras de videovigilancia, tanto fijas como m\u00f3viles, que ofrecen im\u00e1genes de alta calidad y resoluci\u00f3n. Tambi\u00e9n disponemos de c\u00e1maras con visi\u00f3n nocturna para una vigilancia efectiva incluso en condiciones de poca luz.<\/p>\n<p><strong>Grabadores y Almacenamiento:<\/strong> Ofrecemos grabadores que te permiten almacenar las im\u00e1genes y videos capturados por las c\u00e1maras, brind\u00e1ndote acceso a la informaci\u00f3n cuando lo necesites. Adem\u00e1s, podr\u00e1s elegir entre almacenamiento en l\u00ednea o en sitio seg\u00fan tus preferencias.<\/p>\n<p><strong>Instalaci\u00f3n Profesional:<\/strong> Nuestros t\u00e9cnicos instaladores cuentan con una amplia experiencia en este tipo de sistemas y se adaptan a las necesidades particulares de cada cliente. La instalaci\u00f3n se realiza de manera r\u00e1pida y eficiente para que puedas disfrutar de la protecci\u00f3n que mereces sin demoras.<\/p>\n<p>En Accesorios y Telefon\u00eda 2000sl, tu seguridad es nuestra prioridad. Conf\u00eda en nosotros para proteger tu propiedad y aumentar la seguridad de tus seres queridos o empleados. Nuestras c\u00e1maras de seguridad est\u00e1n dise\u00f1adas para brindarte tranquilidad y confianza, proporcionando un sistema de vigilancia efectivo y confiable.<\/p>\n<p>Explora nuestra secci\u00f3n de C\u00e1maras de Seguridad y descubre c\u00f3mo podemos ayudarte a estar siempre protegido. \u00a1Cont\u00e1ctanos hoy mismo y da un paso hacia un entorno m\u00e1s seguro y protegido!<\/p>\n<p>[\/et_pb_text][\/et_pb_column][\/et_pb_row][\/et_pb_section][et_pb_section fb_built=\u00bb1&#8243; admin_label=\u00bbHeader\u00bb module_id=\u00bbaccesorios\u00bb _builder_version=\u00bb4.21.0&#8243; _module_preset=\u00bbdefault\u00bb custom_padding=\u00bb3px||10px|||\u00bb collapsed=\u00bbon\u00bb global_colors_info=\u00bb{}\u00bb][et_pb_row _builder_version=\u00bb4.20.0&#8243; _module_preset=\u00bbdefault\u00bb global_colors_info=\u00bb{}\u00bb][et_pb_column type=\u00bb4_4&#8243; _builder_version=\u00bb4.20.0&#8243; _module_preset=\u00bbdefault\u00bb global_colors_info=\u00bb{}\u00bb][et_pb_text _builder_version=\u00bb4.20.0&#8243; _module_preset=\u00bb08cfd100-105e-487f-872a-b474bf62242e\u00bb global_colors_info=\u00bb{}\u00bb]<\/p>\n<h1>accesorios<\/h1>\n<p>[\/et_pb_text][et_pb_gallery gallery_ids=\u00bb356,354,355,343,345,347,318,316,314,174,155,154,311,312,186&#8243; show_title_and_caption=\u00bboff\u00bb zoom_icon_color=\u00bbgcid-922f8e05-0af6-48a7-8ba4-9a77f0c7dbee\u00bb hover_icon=\u00bb&#xf00e;||fa||900&#8243; _builder_version=\u00bb4.21.0&#8243; _module_preset=\u00bbdefault\u00bb pagination_font=\u00bbInter||||||||\u00bb pagination_text_color=\u00bbgcid-922f8e05-0af6-48a7-8ba4-9a77f0c7dbee\u00bb pagination_font_size=\u00bb13px\u00bb custom_margin=\u00bb||-4px|||\u00bb hover_enabled=\u00bb0&#8243; border_width_all_image=\u00bb3px\u00bb border_color_all_image=\u00bbgcid-922f8e05-0af6-48a7-8ba4-9a77f0c7dbee\u00bb global_colors_info=\u00bb{%22gcid-922f8e05-0af6-48a7-8ba4-9a77f0c7dbee%22:%91%22border_color_all_image%22,%22zoom_icon_color%22,%22pagination_text_color%22%93}\u00bb sticky_enabled=\u00bb0&#8243;][\/et_pb_gallery][et_pb_text _builder_version=\u00bb4.21.0&#8243; _module_preset=\u00bb8a34d6b5-5e3c-4f11-a092-3828ea7fc260&#8243; global_colors_info=\u00bb{}\u00bb]<\/p>\n<p>En Accesorios y Telefon\u00eda 2000sl, sabemos que los peque\u00f1os detalles marcan la diferencia. Es por eso que nuestra secci\u00f3n de Accesorios ofrece una amplia selecci\u00f3n de productos electr\u00f3nicos y complementos que complementar\u00e1n y mejorar\u00e1n tus dispositivos tecnol\u00f3gicos.<\/p>\n<p>Nuestra gama de Accesorios incluye:<\/p>\n<p><strong>Fundas y Estuches:<\/strong> Protege tus dispositivos m\u00f3viles y tablets con nuestras fundas y estuches dise\u00f1ados para brindar una protecci\u00f3n \u00f3ptima contra golpes, ara\u00f1azos y ca\u00eddas. Adem\u00e1s, podr\u00e1s encontrar opciones que reflejen tu estilo personal y se ajusten a tus necesidades espec\u00edficas.<\/p>\n<p><strong>Cargadores y Bater\u00edas:<\/strong> Mant\u00e9n tus dispositivos siempre cargados y listos para usar con nuestros cargadores y bater\u00edas de alta calidad. Desde cargadores r\u00e1pidos hasta bater\u00edas externas, te ofrecemos soluciones para que nunca te quedes sin energ\u00eda.<\/p>\n<p><strong>Auriculares y Altavoces:<\/strong> Disfruta de una experiencia auditiva excepcional con nuestros auriculares y altavoces de \u00faltima generaci\u00f3n. Sum\u00e9rgete en tu m\u00fasica, pel\u00edculas o videojuegos favoritos con la mejor calidad de sonido.<\/p>\n<p><strong>Protectores de Pantalla:<\/strong> Mant\u00e9n tus pantallas libres de rayones y manchas con nuestros protectores de pantalla resistentes y duraderos. Ofrecemos opciones para todo tipo de dispositivos, garantizando una visi\u00f3n n\u00edtida y clara.<\/p>\n<p><strong>Gadgets y Dispositivos Electr\u00f3nicos:<\/strong> Descubre una variedad de gadgets y dispositivos electr\u00f3nicos innovadores que hacen que tu vida sea m\u00e1s c\u00f3moda y emocionante. Desde relojes inteligentes (smartwatches) hasta accesorios para el hogar inteligente (dom\u00f3tica), tenemos todo lo que necesitas para estar a la vanguardia de la tecnolog\u00eda.<\/p>\n<p>En Accesorios y Telefon\u00eda 2000sl, nos apasiona ofrecerte productos de alta calidad que complementen y mejoren tu experiencia tecnol\u00f3gica. Cada accesorio en nuestra selecci\u00f3n ha sido cuidadosamente elegido para garantizar calidad, durabilidad y funcionalidad.<\/p>\n<p>Explora nuestra secci\u00f3n de Accesorios y encuentra todo lo que necesitas para aprovechar al m\u00e1ximo tus dispositivos electr\u00f3nicos. \u00a1A\u00f1ade un toque personal y funcional a tus gadgets con nuestros accesorios! Si necesitas asesoramiento o tienes alguna pregunta, nuestro equipo estar\u00e1 encantado de ayudarte a elegir el accesorio perfecto para ti. \u00a1Comienza a explorar y disfrutar de la tecnolog\u00eda con nosotros!<\/p>\n<p>[\/et_pb_text][\/et_pb_column][\/et_pb_row][\/et_pb_section]<\/p>","protected":false},"excerpt":{"rendered":"<p>Productos Explora nuestro cat\u00e1logo y descubre una variedad de dispositivos electr\u00f3nicos, accesorios y servicios para satisfacer todas tus necesidades. Desde la reparaci\u00f3n de m\u00f3viles y tablets hasta sistemas de videovigilancia avanzados, pasando por las \u00faltimas soluciones en internet y m\u00f3vil, estamos aqu\u00ed para brindarte la mejor experiencia tecnol\u00f3gica.Relojer\u00edaC\u00e1marasAccesoriosrelojer\u00edaEn Accesorios y Telefon\u00eda 2000sl, apreciamos la importancia [&hellip;]<\/p>","protected":false},"author":1,"featured_media":0,"parent":0,"menu_order":0,"comment_status":"closed","ping_status":"closed","template":"","meta":{"_et_pb_use_builder":"on","_et_pb_old_content":"","_et_gb_content_width":"","om_disable_all_campaigns":false,"footnotes":""},"class_list":["post-107","page","type-page","status-publish","hentry"],"yoast_head":"<!-- This site is optimized with the Yoast SEO plugin v21.1 - https:\/\/yoast.com\/wordpress\/plugins\/seo\/ -->\n<title>Productos - Accesorios y telefon\u00eda 2000<\/title>\n<meta name=\"robots\" content=\"index, follow, max-snippet:-1, max-image-preview:large, max-video-preview:-1\" \/>\n<link rel=\"canonical\" href=\"https:\/\/ayt2000.es\/en\/productos\/\" \/>\n<meta property=\"og:locale\" content=\"en_GB\" \/>\n<meta property=\"og:type\" content=\"article\" \/>\n<meta property=\"og:title\" content=\"Productos - Accesorios y telefon\u00eda 2000\" \/>\n<meta property=\"og:description\" content=\"Productos Explora nuestro cat\u00e1logo y descubre una variedad de dispositivos electr\u00f3nicos, accesorios y servicios para satisfacer todas tus necesidades. Desde la reparaci\u00f3n de m\u00f3viles y tablets hasta sistemas de videovigilancia avanzados, pasando por las \u00faltimas soluciones en internet y m\u00f3vil, estamos aqu\u00ed para brindarte la mejor experiencia tecnol\u00f3gica.Relojer\u00edaC\u00e1marasAccesoriosrelojer\u00edaEn Accesorios y Telefon\u00eda 2000sl, apreciamos la importancia [&hellip;]\" \/>\n<meta property=\"og:url\" content=\"https:\/\/ayt2000.es\/en\/productos\/\" \/>\n<meta property=\"og:site_name\" content=\"Accesorios y telefon\u00eda 2000\" \/>\n<meta property=\"article:modified_time\" content=\"2024-04-04T08:02:22+00:00\" \/>\n<meta name=\"twitter:card\" content=\"summary_large_image\" \/>\n<meta name=\"twitter:label1\" content=\"Estimated reading time\" \/>\n\t<meta name=\"twitter:data1\" content=\"13 minutes\" \/>\n<script type=\"application\/ld+json\" class=\"yoast-schema-graph\">{\"@context\":\"https:\/\/schema.org\",\"@graph\":[{\"@type\":\"WebPage\",\"@id\":\"https:\/\/ayt2000.es\/productos\/\",\"url\":\"https:\/\/ayt2000.es\/productos\/\",\"name\":\"Productos - Accesorios y telefon\u00eda 2000\",\"isPartOf\":{\"@id\":\"https:\/\/ayt2000.es\/#website\"},\"datePublished\":\"2023-07-24T00:47:00+00:00\",\"dateModified\":\"2024-04-04T08:02:22+00:00\",\"breadcrumb\":{\"@id\":\"https:\/\/ayt2000.es\/productos\/#breadcrumb\"},\"inLanguage\":\"en-GB\",\"potentialAction\":[{\"@type\":\"ReadAction\",\"target\":[\"https:\/\/ayt2000.es\/productos\/\"]}]},{\"@type\":\"BreadcrumbList\",\"@id\":\"https:\/\/ayt2000.es\/productos\/#breadcrumb\",\"itemListElement\":[{\"@type\":\"ListItem\",\"position\":1,\"name\":\"Portada\",\"item\":\"https:\/\/ayt2000.es\/\"},{\"@type\":\"ListItem\",\"position\":2,\"name\":\"Productos\"}]},{\"@type\":\"WebSite\",\"@id\":\"https:\/\/ayt2000.es\/#website\",\"url\":\"https:\/\/ayt2000.es\/\",\"name\":\"Accesorios y telefon\u00eda 2000\",\"description\":\"M\u00e1s que telefon\u00eda, una experiencia de servicio\",\"potentialAction\":[{\"@type\":\"SearchAction\",\"target\":{\"@type\":\"EntryPoint\",\"urlTemplate\":\"https:\/\/ayt2000.es\/?s={search_term_string}\"},\"query-input\":\"required name=search_term_string\"}],\"inLanguage\":\"en-GB\"}]}<\/script>\n<!-- \/ Yoast SEO plugin. -->","yoast_head_json":{"title":"Productos - Accesorios y telefon\u00eda 2000","robots":{"index":"index","follow":"follow","max-snippet":"max-snippet:-1","max-image-preview":"max-image-preview:large","max-video-preview":"max-video-preview:-1"},"canonical":"https:\/\/ayt2000.es\/en\/productos\/","og_locale":"en_GB","og_type":"article","og_title":"Productos - Accesorios y telefon\u00eda 2000","og_description":"Productos Explora nuestro cat\u00e1logo y descubre una variedad de dispositivos electr\u00f3nicos, accesorios y servicios para satisfacer todas tus necesidades. Desde la reparaci\u00f3n de m\u00f3viles y tablets hasta sistemas de videovigilancia avanzados, pasando por las \u00faltimas soluciones en internet y m\u00f3vil, estamos aqu\u00ed para brindarte la mejor experiencia tecnol\u00f3gica.Relojer\u00edaC\u00e1marasAccesoriosrelojer\u00edaEn Accesorios y Telefon\u00eda 2000sl, apreciamos la importancia [&hellip;]","og_url":"https:\/\/ayt2000.es\/en\/productos\/","og_site_name":"Accesorios y telefon\u00eda 2000","article_modified_time":"2024-04-04T08:02:22+00:00","twitter_card":"summary_large_image","twitter_misc":{"Estimated reading time":"13 minutes"},"schema":{"@context":"https:\/\/schema.org","@graph":[{"@type":"WebPage","@id":"https:\/\/ayt2000.es\/productos\/","url":"https:\/\/ayt2000.es\/productos\/","name":"Productos - Accesorios y telefon\u00eda 2000","isPartOf":{"@id":"https:\/\/ayt2000.es\/#website"},"datePublished":"2023-07-24T00:47:00+00:00","dateModified":"2024-04-04T08:02:22+00:00","breadcrumb":{"@id":"https:\/\/ayt2000.es\/productos\/#breadcrumb"},"inLanguage":"en-GB","potentialAction":[{"@type":"ReadAction","target":["https:\/\/ayt2000.es\/productos\/"]}]},{"@type":"BreadcrumbList","@id":"https:\/\/ayt2000.es\/productos\/#breadcrumb","itemListElement":[{"@type":"ListItem","position":1,"name":"Portada","item":"https:\/\/ayt2000.es\/"},{"@type":"ListItem","position":2,"name":"Productos"}]},{"@type":"WebSite","@id":"https:\/\/ayt2000.es\/#website","url":"https:\/\/ayt2000.es\/","name":"Accesorios y telefon\u00eda 2000","description":"M\u00e1s que telefon\u00eda, una experiencia de servicio","potentialAction":[{"@type":"SearchAction","target":{"@type":"EntryPoint","urlTemplate":"https:\/\/ayt2000.es\/?s={search_term_string}"},"query-input":"required name=search_term_string"}],"inLanguage":"en-GB"}]}},"_links":{"self":[{"href":"https:\/\/ayt2000.es\/en\/wp-json\/wp\/v2\/pages\/107","targetHints":{"allow":["GET"]}}],"collection":[{"href":"https:\/\/ayt2000.es\/en\/wp-json\/wp\/v2\/pages"}],"about":[{"href":"https:\/\/ayt2000.es\/en\/wp-json\/wp\/v2\/types\/page"}],"author":[{"embeddable":true,"href":"https:\/\/ayt2000.es\/en\/wp-json\/wp\/v2\/users\/1"}],"replies":[{"embeddable":true,"href":"https:\/\/ayt2000.es\/en\/wp-json\/wp\/v2\/comments?post=107"}],"version-history":[{"count":12,"href":"https:\/\/ayt2000.es\/en\/wp-json\/wp\/v2\/pages\/107\/revisions"}],"predecessor-version":[{"id":357,"href":"https:\/\/ayt2000.es\/en\/wp-json\/wp\/v2\/pages\/107\/revisions\/357"}],"wp:attachment":[{"href":"https:\/\/ayt2000.es\/en\/wp-json\/wp\/v2\/media?parent=107"}],"curies":[{"name":"wp","href":"https:\/\/api.w.org\/{rel}","templated":true}]}}